{"id":97,"date":"2022-02-04T10:28:20","date_gmt":"2022-02-04T10:28:20","guid":{"rendered":"https:\/\/sv-gladbeck.de\/wordpress\/?page_id=97"},"modified":"2025-01-30T16:38:34","modified_gmt":"2025-01-30T16:38:34","slug":"kontakt","status":"publish","type":"page","link":"https:\/\/sv-gladbeck.de\/wordpress\/index.php\/kontakt\/","title":{"rendered":"Kontakt"},"content":{"rendered":"\n<p>Sch\u00fctzenverein Gladbeck-Mitte 1652 e.V.<br>Christina Steinzen<br>Gesch\u00e4ftsf\u00fchrerin &amp; Vereinsanschrift<br>Ahornstr. 5<br>45964 Gladbeck<\/p>\n\n\n\n<p><\/p>\n\n\n\n<p>Per Mail ist die Gesch\u00e4ftsf\u00fchrung unter folgender Mail-Adresse erreichbar: &nbsp;<a href=\"mailto:geschaeftsfuehrung@sv-gladbeck.de\">geschaeftsfuehrung@sv-gladbeck.de<\/a><br>Die Kontaktdaten zu unserem Vorstand finden Sie <a href=\"https:\/\/sv-gladbeck.de\/wordpress\/index.php\/vorstand\/\" data-type=\"page\" data-id=\"35\">hier<\/a>.<\/p>\n\n\n\n<p><\/p>\n","protected":false},"excerpt":{"rendered":"<p>Sch\u00fctzenverein Gladbeck-Mitte 1652 e.V.Christina SteinzenGesch\u00e4ftsf\u00fchrerin &amp; VereinsanschriftAhornstr. 545964 Gladbeck Per Mail ist die Gesch\u00e4ftsf\u00fchrung unter folgender Mail-Adresse erreichbar: &nbsp;geschaeftsfuehrung@sv-gladbeck.deDie Kontaktdaten zu unserem Vorstand finden Sie hier.<\/p>\n","protected":false},"author":1,"featured_media":0,"parent":0,"menu_order":0,"comment_status":"closed","ping_status":"closed","template":"","meta":{"footnotes":""},"class_list":["post-97","page","type-page","status-publish","hentry"],"_links":{"self":[{"href":"https:\/\/sv-gladbeck.de\/wordpress\/index.php\/wp-json\/wp\/v2\/pages\/97","targetHints":{"allow":["GET"]}}],"collection":[{"href":"https:\/\/sv-gladbeck.de\/wordpress\/index.php\/wp-json\/wp\/v2\/pages"}],"about":[{"href":"https:\/\/sv-gladbeck.de\/wordpress\/index.php\/wp-json\/wp\/v2\/types\/page"}],"author":[{"embeddable":true,"href":"https:\/\/sv-gladbeck.de\/wordpress\/index.php\/wp-json\/wp\/v2\/users\/1"}],"replies":[{"embeddable":true,"href":"https:\/\/sv-gladbeck.de\/wordpress\/index.php\/wp-json\/wp\/v2\/comments?post=97"}],"version-history":[{"count":8,"href":"https:\/\/sv-gladbeck.de\/wordpress\/index.php\/wp-json\/wp\/v2\/pages\/97\/revisions"}],"predecessor-version":[{"id":404,"href":"https:\/\/sv-gladbeck.de\/wordpress\/index.php\/wp-json\/wp\/v2\/pages\/97\/revisions\/404"}],"wp:attachment":[{"href":"https:\/\/sv-gladbeck.de\/wordpress\/index.php\/wp-json\/wp\/v2\/media?parent=97"}],"curies":[{"name":"wp","href":"https:\/\/api.w.org\/{rel}","templated":true}]}}