{"id":85,"date":"2022-02-04T10:10:18","date_gmt":"2022-02-04T10:10:18","guid":{"rendered":"https:\/\/sv-gladbeck.de\/wordpress\/?page_id=85"},"modified":"2025-12-03T18:01:43","modified_gmt":"2025-12-03T18:01:43","slug":"impressum","status":"publish","type":"page","link":"https:\/\/sv-gladbeck.de\/wordpress\/index.php\/impressum\/","title":{"rendered":"Impressum"},"content":{"rendered":"\n<p>Sch\u00fctzenverein Gladbeck Mitte 1652 e.V.<\/p>\n\n\n\n<p>Vorsitzende des Vereins: Michael Weinberg, Ahornstrasse 5, 45964 Gladbeck<br><a href=\"mailto:geschaeftsfuehrung@sv-gladbeck.de\"><a href=\"mailto:michael.weinberg@sv-gladbeck.de\">michael.weinberg@sv-gladbeck.de<\/a><\/a><br>Vereinsregisternummer: VR 12117<\/p>\n\n\n\n<p>Webdesign und tech. Betreuung: WEBAN UG, Gladbeck<br>Internet: <a target=\"_blank\" href=\"https:\/\/www.weban.de\" rel=\"noreferrer noopener\">www.weban.de<\/a><\/p>\n\n\n\n<p>INHALTE DRITTER ANBIETER (EXTERNE LINKS):<br>Mit Urteil vom 12. Mai 1998 hat das LG Hamburg entschieden, dass man durch die Ausbringung eines Links die Inhalte der gelinkten Seite ggf. mit zu verantworten hat. Dies kann, so das LG, nur dadurch verhindert werden, dass man sich ausdr\u00fccklich von diesen Inhalten distanziert. Im Webangebot von &#8222;Sch\u00fctzenverein Gladbeck&#8220; wird an verschiedenen Stellen auf Internetseiten bzw. Inhalte oder Banner von Drittanbietern verwiesen (externe Links). F\u00fcr alle diese Verweise gilt:<\/p>\n\n\n\n<p>&#8222;Sch\u00fctzenverein Gladbeck&#8220; erkl\u00e4rt ausdr\u00fccklich, dass es keinerlei Einfluss auf Gestaltung oder Inhalte der Seiten von Dritten hat, auf die in diesem Webangebot verwiesen wird.<br>Es distanziert sich daher ausdr\u00fccklich von allen Inhalten dieser externen Seiten, auf die in diesem Webangebot verwiesen wird, und macht sich diese Inhalte auch nicht zu Eigen.<\/p>\n\n\n\n<p><a target=\"_blank\" href=\"http:\/\/www.disclaimer.de\/disclaimer.htm\" rel=\"noreferrer noopener\">Haftungsausschluss (Disclaimer)<\/a><\/p>\n\n\n\n<p>Google Analytics<\/p>\n\n\n\n<p>Diese Website benutzt Google Analytics, einen Webanalysedienst der Google Inc. (&#8222;Google&#8220;). Google Analytics verwendet sog. &#8222;Cookies&#8220;, Textdateien, die auf Ihrem Computer gespeichert werden und die eine Analyse der Benutzung der Website durch Sie erm\u00f6glichen. Die durch den Cookie erzeugten Informationen \u00fcber Ihre Benutzung dieser Website (einschlie\u00dflich Ihrer IP-Adresse) wird an einen Server von Google in den USA \u00fcbertragen und dort gespeichert. Google wird diese Informationen benutzen, um Ihre Nutzung der Website auszuwerten, um Reports \u00fcber die Websiteaktivit\u00e4ten f\u00fcr die Websitebetreiber zusammenzustellen und um weitere mit der Websitenutzung und der Internetnutzung verbundene Dienstleistungen zu erbringen. Auch wird Google diese Informationen gegebenenfalls an Dritte \u00fcbertragen, sofern dies gesetzlich vorgeschrieben oder soweit Dritte diese Daten im Auftrag von Google verarbeiten. Google wird in keinem Fall Ihre IP-Adresse mit anderen Daten von Google in Verbindung bringen. Sie k\u00f6nnen die Installation der Cookies durch eine entsprechende Einstellung Ihrer Browser Software verhindern; wir weisen Sie jedoch darauf hin, dass Sie in diesem Fall gegebenenfalls nicht s\u00e4mtliche Funktionen dieser Website vollumf\u00e4nglich nutzen k\u00f6nnen. Durch die Nutzung dieser Website erkl\u00e4ren Sie sich mit der Bearbeitung der \u00fcber Sie erhobenen Daten durch Google in der zuvor beschriebenen Art und Weise und zu dem zuvor benannten Zweck einverstanden.<\/p>\n\n\n\n<p>Der Datenerhebung und -speicherung durch Google Analytics kann jederzeit mit Wirkung f\u00fcr die Zukunft widersprochen werden. N\u00e4heres erfahren Sie unter <a target=\"_blank\" href=\"http:\/\/tools.google.com\/dlpage\/gaoptout\" rel=\"noreferrer noopener\">tools.google.com\/dlpage\/gaoptout<\/a>.&nbsp;<\/p>\n","protected":false},"excerpt":{"rendered":"<p>Sch\u00fctzenverein Gladbeck Mitte 1652 e.V. Vorsitzende des Vereins: Michael Weinberg, Ahornstrasse 5, 45964 Gladbeckmichael.weinberg@sv-gladbeck.deVereinsregisternummer: VR 12117 Webdesign und tech. Betreuung: WEBAN UG, GladbeckInternet: www.weban.de INHALTE DRITTER ANBIETER (EXTERNE LINKS):Mit Urteil vom 12. Mai 1998 hat das LG Hamburg entschieden, dass<\/p>\n","protected":false},"author":1,"featured_media":0,"parent":0,"menu_order":0,"comment_status":"closed","ping_status":"closed","template":"","meta":{"footnotes":""},"class_list":["post-85","page","type-page","status-publish","hentry"],"_links":{"self":[{"href":"https:\/\/sv-gladbeck.de\/wordpress\/index.php\/wp-json\/wp\/v2\/pages\/85","targetHints":{"allow":["GET"]}}],"collection":[{"href":"https:\/\/sv-gladbeck.de\/wordpress\/index.php\/wp-json\/wp\/v2\/pages"}],"about":[{"href":"https:\/\/sv-gladbeck.de\/wordpress\/index.php\/wp-json\/wp\/v2\/types\/page"}],"author":[{"embeddable":true,"href":"https:\/\/sv-gladbeck.de\/wordpress\/index.php\/wp-json\/wp\/v2\/users\/1"}],"replies":[{"embeddable":true,"href":"https:\/\/sv-gladbeck.de\/wordpress\/index.php\/wp-json\/wp\/v2\/comments?post=85"}],"version-history":[{"count":5,"href":"https:\/\/sv-gladbeck.de\/wordpress\/index.php\/wp-json\/wp\/v2\/pages\/85\/revisions"}],"predecessor-version":[{"id":425,"href":"https:\/\/sv-gladbeck.de\/wordpress\/index.php\/wp-json\/wp\/v2\/pages\/85\/revisions\/425"}],"wp:attachment":[{"href":"https:\/\/sv-gladbeck.de\/wordpress\/index.php\/wp-json\/wp\/v2\/media?parent=85"}],"curies":[{"name":"wp","href":"https:\/\/api.w.org\/{rel}","templated":true}]}}