{"id":37,"date":"2022-02-03T15:39:34","date_gmt":"2022-02-03T15:39:34","guid":{"rendered":"https:\/\/sv-gladbeck.de\/wordpress\/?page_id=37"},"modified":"2026-03-09T08:57:55","modified_gmt":"2026-03-09T08:57:55","slug":"schiesssport","status":"publish","type":"page","link":"https:\/\/sv-gladbeck.de\/wordpress\/index.php\/schiesssport\/","title":{"rendered":"Schie\u00dfsport"},"content":{"rendered":"\n<div class=\"wp-block-media-text alignwide is-stacked-on-mobile\" style=\"grid-template-columns:31% auto\"><figure class=\"wp-block-media-text__media\"><img loading=\"lazy\" decoding=\"async\" width=\"400\" height=\"534\" src=\"https:\/\/sv-gladbeck.de\/wordpress\/wp-content\/uploads\/csm_IMG-20160920-WA0045_dcf4cd8cbe.jpg\" alt=\"\" class=\"wp-image-190 size-full\" srcset=\"https:\/\/sv-gladbeck.de\/wordpress\/wp-content\/uploads\/csm_IMG-20160920-WA0045_dcf4cd8cbe.jpg 400w, https:\/\/sv-gladbeck.de\/wordpress\/wp-content\/uploads\/csm_IMG-20160920-WA0045_dcf4cd8cbe-225x300.jpg 225w\" sizes=\"auto, (max-width: 400px) 100vw, 400px\" \/><\/figure><div class=\"wp-block-media-text__content\">\n<p>Unser Schie\u00dfsportleiter Sami Kemmuna steht Euch bei Fragen mit Rat und Tat zur Seite.<br><br>Sami ist wie folgt erreichbar:<br>Email:\u00a0<a href=\"mailto:sami.kemmuna@sv-gladbeck.de\">sami.kemmuna@sv-gladbeck.de<\/a><\/p>\n\n\n\n<p>Unseren Schie\u00dfkeller findet ihr zu den <a href=\"https:\/\/sv-gladbeck.de\/wordpress\/index.php\/schiesszeiten\/\" data-type=\"page\" data-id=\"159\">\u00d6ffnungszeiten<\/a> unter folgender Adresse:<\/p>\n\n\n\n<p>(Im Keller der Regenbogenschule)<br>B\u00fclserstrasse 54<br>45964 Gladbeck<\/p>\n<\/div><\/div>\n","protected":false},"excerpt":{"rendered":"<p>Unser Schie\u00dfsportleiter Sami Kemmuna steht Euch bei Fragen mit Rat und Tat zur Seite. Sami ist wie folgt erreichbar:Email:\u00a0sami.kemmuna@sv-gladbeck.de Unseren Schie\u00dfkeller findet ihr zu den \u00d6ffnungszeiten unter folgender Adresse: (Im Keller der Regenbogenschule)B\u00fclserstrasse 5445964 Gladbeck<\/p>\n","protected":false},"author":1,"featured_media":0,"parent":0,"menu_order":0,"comment_status":"closed","ping_status":"closed","template":"","meta":{"footnotes":""},"class_list":["post-37","page","type-page","status-publish","hentry"],"_links":{"self":[{"href":"https:\/\/sv-gladbeck.de\/wordpress\/index.php\/wp-json\/wp\/v2\/pages\/37","targetHints":{"allow":["GET"]}}],"collection":[{"href":"https:\/\/sv-gladbeck.de\/wordpress\/index.php\/wp-json\/wp\/v2\/pages"}],"about":[{"href":"https:\/\/sv-gladbeck.de\/wordpress\/index.php\/wp-json\/wp\/v2\/types\/page"}],"author":[{"embeddable":true,"href":"https:\/\/sv-gladbeck.de\/wordpress\/index.php\/wp-json\/wp\/v2\/users\/1"}],"replies":[{"embeddable":true,"href":"https:\/\/sv-gladbeck.de\/wordpress\/index.php\/wp-json\/wp\/v2\/comments?post=37"}],"version-history":[{"count":7,"href":"https:\/\/sv-gladbeck.de\/wordpress\/index.php\/wp-json\/wp\/v2\/pages\/37\/revisions"}],"predecessor-version":[{"id":436,"href":"https:\/\/sv-gladbeck.de\/wordpress\/index.php\/wp-json\/wp\/v2\/pages\/37\/revisions\/436"}],"wp:attachment":[{"href":"https:\/\/sv-gladbeck.de\/wordpress\/index.php\/wp-json\/wp\/v2\/media?parent=37"}],"curies":[{"name":"wp","href":"https:\/\/api.w.org\/{rel}","templated":true}]}}