{"id":236,"date":"2022-02-18T10:13:43","date_gmt":"2022-02-18T10:13:43","guid":{"rendered":"https:\/\/sv-gladbeck.de\/wordpress\/?page_id=236"},"modified":"2025-01-04T12:05:28","modified_gmt":"2025-01-04T12:05:28","slug":"news","status":"publish","type":"page","link":"https:\/\/sv-gladbeck.de\/wordpress\/index.php\/schuetzenfest-2022\/news\/","title":{"rendered":"News"},"content":{"rendered":"\n<div class=\"wp-block-media-text alignwide is-stacked-on-mobile\"><figure class=\"wp-block-media-text__media\"><img loading=\"lazy\" decoding=\"async\" width=\"1024\" height=\"576\" src=\"https:\/\/sv-gladbeck.de\/wordpress\/wp-content\/uploads\/87affbae-c7a9-11ec-9d16-ef46462c4214-1024x576.jpg\" alt=\"\" class=\"wp-image-299 size-full\" srcset=\"https:\/\/sv-gladbeck.de\/wordpress\/wp-content\/uploads\/87affbae-c7a9-11ec-9d16-ef46462c4214-1024x576.jpg 1024w, https:\/\/sv-gladbeck.de\/wordpress\/wp-content\/uploads\/87affbae-c7a9-11ec-9d16-ef46462c4214-300x169.jpg 300w, https:\/\/sv-gladbeck.de\/wordpress\/wp-content\/uploads\/87affbae-c7a9-11ec-9d16-ef46462c4214-768x432.jpg 768w, https:\/\/sv-gladbeck.de\/wordpress\/wp-content\/uploads\/87affbae-c7a9-11ec-9d16-ef46462c4214.jpg 1200w\" sizes=\"auto, (max-width: 1024px) 100vw, 1024px\" \/><\/figure><div class=\"wp-block-media-text__content\">\n<p class=\"has-medium-font-size\">Fredi R\u00fcckmann wurde zum neuen Sch\u00fctzenk\u00f6nig des Sch\u00fctzenvereins Gladbeck-Mitte ernannt. Mit K\u00f6nigin Gabi I. regiert er nun f\u00fcr drei Jahre das Sch\u00fctzenvolk.<\/p>\n<\/div><\/div>\n\n\n\n<p><\/p>\n\n\n\n<p><\/p>\n\n\n\n<p><\/p>\n\n\n\n<div class=\"wp-block-media-text alignwide is-stacked-on-mobile\"><figure class=\"wp-block-media-text__media\"><img loading=\"lazy\" decoding=\"async\" width=\"1024\" height=\"1024\" src=\"https:\/\/sv-gladbeck.de\/wordpress\/wp-content\/uploads\/WordCloud2020SVGladbeck-1024x1024.jpg\" alt=\"\" class=\"wp-image-143 size-full\" srcset=\"https:\/\/sv-gladbeck.de\/wordpress\/wp-content\/uploads\/WordCloud2020SVGladbeck-1024x1024.jpg 1024w, https:\/\/sv-gladbeck.de\/wordpress\/wp-content\/uploads\/WordCloud2020SVGladbeck-300x300.jpg 300w, https:\/\/sv-gladbeck.de\/wordpress\/wp-content\/uploads\/WordCloud2020SVGladbeck-150x150.jpg 150w, https:\/\/sv-gladbeck.de\/wordpress\/wp-content\/uploads\/WordCloud2020SVGladbeck-768x768.jpg 768w, https:\/\/sv-gladbeck.de\/wordpress\/wp-content\/uploads\/WordCloud2020SVGladbeck-1536x1536.jpg 1536w, https:\/\/sv-gladbeck.de\/wordpress\/wp-content\/uploads\/WordCloud2020SVGladbeck-2048x2048.jpg 2048w, https:\/\/sv-gladbeck.de\/wordpress\/wp-content\/uploads\/WordCloud2020SVGladbeck-270x270.jpg 270w, https:\/\/sv-gladbeck.de\/wordpress\/wp-content\/uploads\/WordCloud2020SVGladbeck-230x230.jpg 230w\" sizes=\"auto, (max-width: 1024px) 100vw, 1024px\" \/><\/figure><div class=\"wp-block-media-text__content\">\n<p class=\"has-large-font-size\">Liebe Sch\u00fctzen &#8211; liebe Freunde,<\/p>\n\n\n\n<p>leider sind wir immer noch nicht an dem Punkt angekommen, ohne Vorgaben feiern zu d\u00fcrfen &#8211; aber das wird uns sicher nicht aufhalten. Nachfolgend haben wir f\u00fcr Euch die wichtigsten Informationen aufgenommen und aktualisieren diese laufend.<\/p>\n\n\n\n<p>Vorgaben<\/p>\n\n\n\n<p>Informationen zum Eintritt<\/p>\n\n\n\n<p>Zapfenstreich<\/p>\n<\/div><\/div>\n\n\n\n<div class=\"wp-block-buttons is-horizontal is-content-justification-left is-layout-flex wp-container-core-buttons-is-layout-20be11b6 wp-block-buttons-is-layout-flex\">\n<div class=\"wp-block-button\"><a class=\"wp-block-button__link\" href=\"https:\/\/sv-gladbeck.de\/wordpress\/\">zur\u00fcck<\/a><\/div>\n<\/div>\n","protected":false},"excerpt":{"rendered":"<p>Fredi R\u00fcckmann wurde zum neuen Sch\u00fctzenk\u00f6nig des Sch\u00fctzenvereins Gladbeck-Mitte ernannt. Mit K\u00f6nigin Gabi I. regiert er nun f\u00fcr drei Jahre das Sch\u00fctzenvolk. Liebe Sch\u00fctzen &#8211; liebe Freunde, leider sind wir immer noch nicht an dem Punkt angekommen, ohne Vorgaben feiern<\/p>\n","protected":false},"author":2,"featured_media":0,"parent":33,"menu_order":0,"comment_status":"closed","ping_status":"closed","template":"","meta":{"footnotes":""},"class_list":["post-236","page","type-page","status-publish","hentry"],"_links":{"self":[{"href":"https:\/\/sv-gladbeck.de\/wordpress\/index.php\/wp-json\/wp\/v2\/pages\/236","targetHints":{"allow":["GET"]}}],"collection":[{"href":"https:\/\/sv-gladbeck.de\/wordpress\/index.php\/wp-json\/wp\/v2\/pages"}],"about":[{"href":"https:\/\/sv-gladbeck.de\/wordpress\/index.php\/wp-json\/wp\/v2\/types\/page"}],"author":[{"embeddable":true,"href":"https:\/\/sv-gladbeck.de\/wordpress\/index.php\/wp-json\/wp\/v2\/users\/2"}],"replies":[{"embeddable":true,"href":"https:\/\/sv-gladbeck.de\/wordpress\/index.php\/wp-json\/wp\/v2\/comments?post=236"}],"version-history":[{"count":3,"href":"https:\/\/sv-gladbeck.de\/wordpress\/index.php\/wp-json\/wp\/v2\/pages\/236\/revisions"}],"predecessor-version":[{"id":301,"href":"https:\/\/sv-gladbeck.de\/wordpress\/index.php\/wp-json\/wp\/v2\/pages\/236\/revisions\/301"}],"up":[{"embeddable":true,"href":"https:\/\/sv-gladbeck.de\/wordpress\/index.php\/wp-json\/wp\/v2\/pages\/33"}],"wp:attachment":[{"href":"https:\/\/sv-gladbeck.de\/wordpress\/index.php\/wp-json\/wp\/v2\/media?parent=236"}],"curies":[{"name":"wp","href":"https:\/\/api.w.org\/{rel}","templated":true}]}}