{"id":159,"date":"2022-02-11T11:13:24","date_gmt":"2022-02-11T11:13:24","guid":{"rendered":"https:\/\/sv-gladbeck.de\/wordpress\/?page_id=159"},"modified":"2025-12-03T18:02:57","modified_gmt":"2025-12-03T18:02:57","slug":"schiesszeiten","status":"publish","type":"page","link":"https:\/\/sv-gladbeck.de\/wordpress\/index.php\/schiesszeiten\/","title":{"rendered":"Schiesssportaktivit\u00e4ten"},"content":{"rendered":"\n<p style=\"font-size:30px;text-decoration:underline\">\u00dcbersicht der Schiesssportaktivit\u00e4ten des Sch\u00fctzenvereins Gladbeck-Mitte 1652 e.V.<\/p>\n\n\n\n<h2 class=\"wp-block-heading\"><\/h2>\n\n\n\n<p><strong>Sportst\u00e4tte<\/strong>: Keller der Regenbogenschule Gladbeck, B\u00fclser Str. 54, 45964 Gladbeck<\/p>\n\n\n\n<p><strong>Betriebszeiten<\/strong>: Montags, Dienstags, Donnerstags ge\u00f6ffnet. Im Juli und Dezember ist der Schiesskeller geschlossen, Ausnahmen gem\u00e4\u00df Aushang im Schiesskeller.<\/p>\n\n\n\n<p><strong>Regul\u00e4rer\u00a0Schiessbetrieb:<\/strong> Montags und Donnerstags von 18:00 Uhr bis ca. 22 Uhr<\/p>\n\n\n\n<p><strong>Jugendschiessbetrieb<\/strong>:\u00a0Dienstags, von 18:00 Uhr bis 20:00 Uhr (ausschlie\u00dflich f\u00fcr die Mitglieder der Jugendabteilung unter Ber\u00fccksichtigung des JuSchG)<\/p>\n\n\n\n<p><strong>Allgemeines Training:<\/strong>\u00a0Dienstags, ab 20:00 Uhr bis ca. 22:00 Uhr<\/p>\n\n\n\n<p><strong>Bitte beachten:\u00a0<\/strong><\/p>\n\n\n\n<ul class=\"wp-block-list\">\n<li>Nur nach vorheriger Anmeldung, siehe Aushang im Schiesskeller<br><\/li>\n\n\n\n<li>Das allgemeine Training Dienstags wird NICHT f\u00fcr K\u00f6nigs\/Regiments\/Vereinspokal etc. gewertet! Daf\u00fcr bitte nach wie vor Montags oder Donnerstags zum regul\u00e4ren Schiessbetrieb erscheinen. (Ausnahme: Freihandsch\u00fctzen, Jugend)<br>Nur f\u00fcr diese Gruppen ist der Dienstag ebenfalls wertungsrelevant sofern gew\u00fcnscht)<\/li>\n<\/ul>\n\n\n\n<p><strong>Kosten:<\/strong> <\/p>\n\n\n\n<ul class=\"wp-block-list\">\n<li>Munition: gem\u00e4\u00df Aushang im Schiesskeller ab 18 Jahre, Jugend kostenfrei<\/li>\n\n\n\n<li>gem\u00e4\u00df Aushang im Schiesskeller, Jugend \u00bd Preis<\/li>\n<\/ul>\n\n\n\n<p><strong>K\u00f6nigspokal:<\/strong> Der K\u00f6nigspokal wird im April und September ausgeschossen. Es gibt jeweils nur eine Wertung nach vorheriger Anmeldung beim Schie\u00dfoffizier. Es entstehen keine Zusatzkosten.<\/p>\n\n\n\n<p><strong>Regimentspokal:<\/strong> Es wird an 10 Monaten geschossen. Januar bis Juni und August bis November. Es z\u00e4hlt die beste Wertung im Monat. Man ben\u00f6tigt wenigstens 8 Monatswertungen um den Regimentspokal in seiner Klasse zu bekommen.<\/p>\n\n\n\n<p><strong>Vereinsmeisterschaft<\/strong>: Die Vereinsmeisterschaft wird im November ausgeschossen. Es gibt nur eine Wertung nach vorheriger Anmeldung beim Schie\u00dfoffizier.<\/p>\n\n\n\n<p><strong>Kompanieabende:<\/strong> Die Kompanieschiessabende werden durch die Kompanien organisiert und kommuniziert.\u00a0<br>Bitte beachtet dazu die Informationen der jeweiligen Kompanien.<\/p>\n\n\n\n<p><\/p>\n\n\n\n<p> <\/p>\n\n\n\n<p> <\/p>\n\n\n\n<div class=\"wp-block-buttons is-layout-flex wp-block-buttons-is-layout-flex\">\n<div class=\"wp-block-button\"><a class=\"wp-block-button__link wp-element-button\" href=\"https:\/\/sv-gladbeck.de\/wordpress\/index.php\/schiesssport\/\">Zur\u00fcck<\/a><\/div>\n<\/div>\n\n\n\n<p><\/p>\n","protected":false},"excerpt":{"rendered":"<p>\u00dcbersicht der Schiesssportaktivit\u00e4ten des Sch\u00fctzenvereins Gladbeck-Mitte 1652 e.V. Sportst\u00e4tte: Keller der Regenbogenschule Gladbeck, B\u00fclser Str. 54, 45964 Gladbeck Betriebszeiten: Montags, Dienstags, Donnerstags ge\u00f6ffnet. Im Juli und Dezember ist der Schiesskeller geschlossen, Ausnahmen gem\u00e4\u00df Aushang im Schiesskeller. Regul\u00e4rer\u00a0Schiessbetrieb: Montags und Donnerstags<\/p>\n","protected":false},"author":2,"featured_media":0,"parent":0,"menu_order":0,"comment_status":"closed","ping_status":"closed","template":"","meta":{"footnotes":""},"class_list":["post-159","page","type-page","status-publish","hentry"],"_links":{"self":[{"href":"https:\/\/sv-gladbeck.de\/wordpress\/index.php\/wp-json\/wp\/v2\/pages\/159","targetHints":{"allow":["GET"]}}],"collection":[{"href":"https:\/\/sv-gladbeck.de\/wordpress\/index.php\/wp-json\/wp\/v2\/pages"}],"about":[{"href":"https:\/\/sv-gladbeck.de\/wordpress\/index.php\/wp-json\/wp\/v2\/types\/page"}],"author":[{"embeddable":true,"href":"https:\/\/sv-gladbeck.de\/wordpress\/index.php\/wp-json\/wp\/v2\/users\/2"}],"replies":[{"embeddable":true,"href":"https:\/\/sv-gladbeck.de\/wordpress\/index.php\/wp-json\/wp\/v2\/comments?post=159"}],"version-history":[{"count":15,"href":"https:\/\/sv-gladbeck.de\/wordpress\/index.php\/wp-json\/wp\/v2\/pages\/159\/revisions"}],"predecessor-version":[{"id":426,"href":"https:\/\/sv-gladbeck.de\/wordpress\/index.php\/wp-json\/wp\/v2\/pages\/159\/revisions\/426"}],"wp:attachment":[{"href":"https:\/\/sv-gladbeck.de\/wordpress\/index.php\/wp-json\/wp\/v2\/media?parent=159"}],"curies":[{"name":"wp","href":"https:\/\/api.w.org\/{rel}","templated":true}]}}