{"id":139,"date":"2022-02-04T16:06:38","date_gmt":"2022-02-04T16:06:38","guid":{"rendered":"https:\/\/sv-gladbeck.de\/wordpress\/?page_id=139"},"modified":"2022-06-06T19:07:00","modified_gmt":"2022-06-06T19:07:00","slug":"5-kompanie","status":"publish","type":"page","link":"https:\/\/sv-gladbeck.de\/wordpress\/index.php\/5-kompanie\/","title":{"rendered":"5. Kompanie"},"content":{"rendered":"\n<div class=\"wp-block-media-text alignwide is-stacked-on-mobile\"><figure class=\"wp-block-media-text__media\"><img loading=\"lazy\" decoding=\"async\" width=\"400\" height=\"318\" src=\"https:\/\/sv-gladbeck.de\/wordpress\/wp-content\/uploads\/csm_IMG_6521_b9ee8776c0.jpg\" alt=\"\" class=\"wp-image-195 size-full\" srcset=\"https:\/\/sv-gladbeck.de\/wordpress\/wp-content\/uploads\/csm_IMG_6521_b9ee8776c0.jpg 400w, https:\/\/sv-gladbeck.de\/wordpress\/wp-content\/uploads\/csm_IMG_6521_b9ee8776c0-300x239.jpg 300w\" sizes=\"auto, (max-width: 400px) 100vw, 400px\" \/><\/figure><div class=\"wp-block-media-text__content\">\n<h1 class=\"wp-block-heading\"><\/h1>\n\n\n\n<p>Die 5. Kompanie ist die kleinste der drei Kompanien im Regiment Gladbeck-Mitte, die durch ihre gesellige Einbindung der Frauen im hohen Ma\u00dfe heraussticht.<\/p>\n\n\n\n<p>Was die Sch\u00fctzenk\u00f6nige aus der 5. Kompanie mit ihren K\u00f6nigsh\u00e4usern unter Beweis gestellt haben: 1973-1977 Peter I. (Hellenbroich) 1985-1989 Alfred I. (Wischermann) 1993-1997 Axel I. (Schober) Ein besonderes Lob gilt unserer Frauengruppe, ohne die dies alles nicht m\u00f6glich w\u00e4re. Denn wie hei\u00dft es: \u201eOhne die Frauen \u2013 l\u00e4uft gar nichts&#8230;!\u201c<\/p>\n\n\n\n<p>In gem\u00fctlicher Atmosph\u00e4re werden auf unserem vereinseigenen Schie\u00dfstand regelm\u00e4\u00dfig fr\u00f6hliche Veranstaltungen durchgef\u00fchrt, z.B. das Osterschie\u00dfen, das Oktoberfest und unsere Weihnachtsfeier.<\/p>\n\n\n\n<p>Nat\u00fcrlich kommt auch das sportliche und traditionelle Schie\u00dfen nicht zu kurz,<\/p>\n\n\n\n<p>Gut Schuss!<\/p>\n\n\n\n<p>Kompanief\u00fchrer der 5. Kompanie<\/p>\n<\/div><\/div>\n\n\n\n<p><\/p>\n","protected":false},"excerpt":{"rendered":"<p>Die 5. Kompanie ist die kleinste der drei Kompanien im Regiment Gladbeck-Mitte, die durch ihre gesellige Einbindung der Frauen im hohen Ma\u00dfe heraussticht. Was die Sch\u00fctzenk\u00f6nige aus der 5. Kompanie mit ihren K\u00f6nigsh\u00e4usern unter Beweis gestellt haben: 1973-1977 Peter I.<\/p>\n","protected":false},"author":1,"featured_media":0,"parent":0,"menu_order":0,"comment_status":"closed","ping_status":"closed","template":"","meta":{"footnotes":""},"class_list":["post-139","page","type-page","status-publish","hentry"],"_links":{"self":[{"href":"https:\/\/sv-gladbeck.de\/wordpress\/index.php\/wp-json\/wp\/v2\/pages\/139","targetHints":{"allow":["GET"]}}],"collection":[{"href":"https:\/\/sv-gladbeck.de\/wordpress\/index.php\/wp-json\/wp\/v2\/pages"}],"about":[{"href":"https:\/\/sv-gladbeck.de\/wordpress\/index.php\/wp-json\/wp\/v2\/types\/page"}],"author":[{"embeddable":true,"href":"https:\/\/sv-gladbeck.de\/wordpress\/index.php\/wp-json\/wp\/v2\/users\/1"}],"replies":[{"embeddable":true,"href":"https:\/\/sv-gladbeck.de\/wordpress\/index.php\/wp-json\/wp\/v2\/comments?post=139"}],"version-history":[{"count":3,"href":"https:\/\/sv-gladbeck.de\/wordpress\/index.php\/wp-json\/wp\/v2\/pages\/139\/revisions"}],"predecessor-version":[{"id":293,"href":"https:\/\/sv-gladbeck.de\/wordpress\/index.php\/wp-json\/wp\/v2\/pages\/139\/revisions\/293"}],"wp:attachment":[{"href":"https:\/\/sv-gladbeck.de\/wordpress\/index.php\/wp-json\/wp\/v2\/media?parent=139"}],"curies":[{"name":"wp","href":"https:\/\/api.w.org\/{rel}","templated":true}]}}