{"id":137,"date":"2022-02-04T16:06:28","date_gmt":"2022-02-04T16:06:28","guid":{"rendered":"https:\/\/sv-gladbeck.de\/wordpress\/?page_id=137"},"modified":"2022-03-24T12:15:30","modified_gmt":"2022-03-24T12:15:30","slug":"4-kompanie","status":"publish","type":"page","link":"https:\/\/sv-gladbeck.de\/wordpress\/index.php\/4-kompanie\/","title":{"rendered":"4. Kompanie"},"content":{"rendered":"\n<div class=\"wp-block-media-text alignwide is-stacked-on-mobile\" style=\"grid-template-columns:39% auto\"><figure class=\"wp-block-media-text__media\"><img loading=\"lazy\" decoding=\"async\" width=\"400\" height=\"600\" src=\"https:\/\/sv-gladbeck.de\/wordpress\/wp-content\/uploads\/csm_IMG_1466_413abe6a6d.jpeg\" alt=\"\" class=\"wp-image-187 size-full\" srcset=\"https:\/\/sv-gladbeck.de\/wordpress\/wp-content\/uploads\/csm_IMG_1466_413abe6a6d.jpeg 400w, https:\/\/sv-gladbeck.de\/wordpress\/wp-content\/uploads\/csm_IMG_1466_413abe6a6d-200x300.jpeg 200w\" sizes=\"auto, (max-width: 400px) 100vw, 400px\" \/><\/figure><div class=\"wp-block-media-text__content\">\n<p>Gut Schuss,<br>und ein freundliches Willkommen bei der 4. Kompanie.<br>Die mitgliederst\u00e4rkste Kompanie m\u00f6chte sich ebenfalls gerne kurz vorstellen.<br>Auch wenn Manche denken, ein Sch\u00fctzenverein sei nur etwas f\u00fcr Alte und noch \u00c4ltere, so ist dies nur ein ganz kleiner Teil der Wahrheit. Ja, unsere \u00e4lteren und langj\u00e4hrigen Mitglieder sind uns wichtig und besonders lieb. Aber wir wissen doch alle, \u201eohne Jung kein Alt\u201c und umgekehrt.\u00a0<br>Genau deshalb hat sich die 4. Kompanie allen Altersklassen verschrieben und stellt sein Kompanieleben f\u00fcr Jung und Alt auf und empfindet sich als die \u201eFamilienkompanie\u201c des Sch\u00fctzenvereins.<br>An Hand eines kleinen Einblickes in das Kompanieleben sieht man unser Credo:<br><strong>\u201eWir lieben das Leben!\u201c<\/strong><\/p>\n\n\n\n<p>Die ambitionierten Sch\u00fctzen unter uns trainieren regelm\u00e4\u00dfig donnerstags auf dem modernen und komfortablen Schie\u00dfstand des Sch\u00fctzenvereins an der B\u00fclser Stra\u00dfe.\u00a0Zudem treffen wir uns an jedem zweiten Freitag im zweiten Monat zum Kompanieschie\u00dfen und Beisammen sein.\u00a0Unsere immer wiederkehrenden Unternehmungen und Feiern werden nicht nur an den Schie\u00dfabenden ausf\u00fchrlich besprochen und mit viel Vorfreude erwartet. Ende April ist die 4. Kompanie f\u00fcr das Maibaumaufstellen am Europaplatz in der Innenstadt verantwortlich.<br>Der Wonnemonat des Jahres wird traditionell am 1. Mai mit unserem \u201eMaigang\u201c begr\u00fc\u00dft. Ob zu Fu\u00df, mit dem Fahrrad oder Roller- zusammen mit Kind, Kegel und unseren Vierbeinern wandern wir um und durch Gladbeck und finden immer einen sch\u00f6nen Ort zum Einkehren und um den Tag gemeinsam ausklingen zu lassen.\u00a0<br>Sehr gerne feiern wir unser Sommer- und Familienfest f\u00fcr Gro\u00df und Klein, oft unterst\u00fctzt von H\u00fcpfburgen, einem Eis- oder Popcornstand und manchmal auch einem Clown, an dem unsere Kleinen die gr\u00f6\u00dfte Freude haben. Mit Grill- und Bierstand sowie musikalischer Unterst\u00fctzung sind dies immer unvergessliche Tage f\u00fcr Alle.\u00a0 Im November folgt das legend\u00e4re Herbstfest immer am Vorabend des Volkstrauertages. Dies alles sind wunderbare Gelegenheiten, sich immer wieder besser kennen zu lernen um dann gemeinsam ein tolles, unvergessliches und harmonisches Sch\u00fctzenfest feiern zu k\u00f6nnen. So kann man doch sehen, dass wir nicht nur die \u201ealten Leute\u201c im gr\u00fcnen Rock sind, die zum Sch\u00fctzenzelt eilen! Wir sind diejenigen, die mit einer guten Gemeinschaft, Freundschaft und Br\u00fcderlichkeit das Sch\u00fctzenwesen und insbesondere das gesellschaftliche Leben in unserer sch\u00f6nen Stadt leben und aufrechterhalten.<\/p>\n\n\n\n<p>Gut Schuss,<\/p>\n\n\n\n<p>Carsten Lowitz<br>Kompanief\u00fchrer 4. Kompanie<\/p>\n<\/div><\/div>\n\n\n\n<p><br><strong>Die anfallende \u201eArbeit\u201c haben wir im Vorstand der 4. Kompanie auf vielen guten Schultern verteilt:<\/strong><\/p>\n\n\n\n<figure class=\"wp-block-table\"><table><tbody><tr><td>Kompanief\u00fchrer<\/td><td>Carsten Lowitz<\/td><\/tr><tr><td>2. Kompanief\u00fchrer<\/td><td>Marcus Naumann<\/td><\/tr><tr><td>Gesch\u00e4ftsf\u00fchrer<\/td><td>Michael Schulte-Pelkum<\/td><\/tr><tr><td>Kassierer<\/td><td>Norbert Schild<\/td><\/tr><tr><td>2. Kassierer<\/td><td>Tobias Surau<\/td><\/tr><tr><td>Schriftf\u00fchrer<\/td><td>Oliver (Olek) Zilch&nbsp;<\/td><\/tr><tr><td>Schie\u00dfoffizier<\/td><td>Frank Burucker<\/td><\/tr><tr><td>Versorgungsoffizier<\/td><td>Jochen Budich<\/td><\/tr><\/tbody><\/table><\/figure>\n\n\n\n<p><\/p>\n\n\n\n<p><\/p>\n\n\n\n<p><\/p>\n\n\n\n<h2 class=\"wp-block-heading\" id=\"das-leben-in-der-4-kompanie\">Das Leben in der 4. Kompanie<\/h2>\n\n\n\n<h4 class=\"wp-block-heading\" id=\"das-leben-in-der-4-kompanie\">(\u201eEin Gemeinschaftsfoto des Kompanievorstands folgt nach dem K\u00f6nigsabschied&#8220;)<\/h4>\n\n\n\n<figure class=\"wp-block-gallery has-nested-images columns-default is-cropped wp-block-gallery-1 is-layout-flex wp-block-gallery-is-layout-flex\">\n<figure class=\"wp-block-image size-large\"><img loading=\"lazy\" decoding=\"async\" width=\"400\" height=\"225\" data-id=\"188\" src=\"https:\/\/sv-gladbeck.de\/wordpress\/wp-content\/uploads\/csm_20160226_221236_9e38b6a60b.jpg\" alt=\"\" class=\"wp-image-188\" srcset=\"https:\/\/sv-gladbeck.de\/wordpress\/wp-content\/uploads\/csm_20160226_221236_9e38b6a60b.jpg 400w, https:\/\/sv-gladbeck.de\/wordpress\/wp-content\/uploads\/csm_20160226_221236_9e38b6a60b-300x169.jpg 300w\" sizes=\"auto, (max-width: 400px) 100vw, 400px\" \/><figcaption>Drei Kompanief\u00fchrer der 4<\/figcaption><\/figure>\n\n\n\n<figure class=\"wp-block-image size-large\"><img loading=\"lazy\" decoding=\"async\" width=\"400\" height=\"300\" data-id=\"189\" src=\"https:\/\/sv-gladbeck.de\/wordpress\/wp-content\/uploads\/csm_IMG-20160920-WA0016_e9e1f407b5.jpg\" alt=\"\" class=\"wp-image-189\" srcset=\"https:\/\/sv-gladbeck.de\/wordpress\/wp-content\/uploads\/csm_IMG-20160920-WA0016_e9e1f407b5.jpg 400w, https:\/\/sv-gladbeck.de\/wordpress\/wp-content\/uploads\/csm_IMG-20160920-WA0016_e9e1f407b5-300x225.jpg 300w\" sizes=\"auto, (max-width: 400px) 100vw, 400px\" \/><figcaption>Kompanieschie\u00dfabend<\/figcaption><\/figure>\n\n\n\n<figure class=\"wp-block-image size-large\"><img loading=\"lazy\" decoding=\"async\" width=\"400\" height=\"534\" data-id=\"190\" src=\"https:\/\/sv-gladbeck.de\/wordpress\/wp-content\/uploads\/csm_IMG-20160920-WA0045_dcf4cd8cbe.jpg\" alt=\"\" class=\"wp-image-190\" srcset=\"https:\/\/sv-gladbeck.de\/wordpress\/wp-content\/uploads\/csm_IMG-20160920-WA0045_dcf4cd8cbe.jpg 400w, https:\/\/sv-gladbeck.de\/wordpress\/wp-content\/uploads\/csm_IMG-20160920-WA0045_dcf4cd8cbe-225x300.jpg 225w\" sizes=\"auto, (max-width: 400px) 100vw, 400px\" \/><figcaption>Gut gezielt ist halb getroffen.<\/figcaption><\/figure>\n\n\n\n<figure class=\"wp-block-image size-large\"><img loading=\"lazy\" decoding=\"async\" width=\"400\" height=\"300\" data-id=\"191\" src=\"https:\/\/sv-gladbeck.de\/wordpress\/wp-content\/uploads\/csm_IMG_0359_be1286efec.jpg\" alt=\"\" class=\"wp-image-191\" srcset=\"https:\/\/sv-gladbeck.de\/wordpress\/wp-content\/uploads\/csm_IMG_0359_be1286efec.jpg 400w, https:\/\/sv-gladbeck.de\/wordpress\/wp-content\/uploads\/csm_IMG_0359_be1286efec-300x225.jpg 300w\" sizes=\"auto, (max-width: 400px) 100vw, 400px\" \/><figcaption>So verkauft es sich richtig!<\/figcaption><\/figure>\n\n\n\n<figure class=\"wp-block-image size-large\"><img loading=\"lazy\" decoding=\"async\" width=\"400\" height=\"198\" data-id=\"192\" src=\"https:\/\/sv-gladbeck.de\/wordpress\/wp-content\/uploads\/csm_Waffelverkauf_2016_e7c608163f.jpg\" alt=\"\" class=\"wp-image-192\" srcset=\"https:\/\/sv-gladbeck.de\/wordpress\/wp-content\/uploads\/csm_Waffelverkauf_2016_e7c608163f.jpg 400w, https:\/\/sv-gladbeck.de\/wordpress\/wp-content\/uploads\/csm_Waffelverkauf_2016_e7c608163f-300x149.jpg 300w\" sizes=\"auto, (max-width: 400px) 100vw, 400px\" \/><figcaption>Alle mit vollem Engagement dabei.<\/figcaption><\/figure>\n<\/figure>\n\n\n\n<p><\/p>\n","protected":false},"excerpt":{"rendered":"<p>Gut Schuss,und ein freundliches Willkommen bei der 4. Kompanie.Die mitgliederst\u00e4rkste Kompanie m\u00f6chte sich ebenfalls gerne kurz vorstellen.Auch wenn Manche denken, ein Sch\u00fctzenverein sei nur etwas f\u00fcr Alte und noch \u00c4ltere, so ist dies nur ein ganz kleiner Teil der Wahrheit.<\/p>\n","protected":false},"author":1,"featured_media":0,"parent":0,"menu_order":0,"comment_status":"closed","ping_status":"closed","template":"","meta":{"footnotes":""},"class_list":["post-137","page","type-page","status-publish","hentry"],"_links":{"self":[{"href":"https:\/\/sv-gladbeck.de\/wordpress\/index.php\/wp-json\/wp\/v2\/pages\/137","targetHints":{"allow":["GET"]}}],"collection":[{"href":"https:\/\/sv-gladbeck.de\/wordpress\/index.php\/wp-json\/wp\/v2\/pages"}],"about":[{"href":"https:\/\/sv-gladbeck.de\/wordpress\/index.php\/wp-json\/wp\/v2\/types\/page"}],"author":[{"embeddable":true,"href":"https:\/\/sv-gladbeck.de\/wordpress\/index.php\/wp-json\/wp\/v2\/users\/1"}],"replies":[{"embeddable":true,"href":"https:\/\/sv-gladbeck.de\/wordpress\/index.php\/wp-json\/wp\/v2\/comments?post=137"}],"version-history":[{"count":12,"href":"https:\/\/sv-gladbeck.de\/wordpress\/index.php\/wp-json\/wp\/v2\/pages\/137\/revisions"}],"predecessor-version":[{"id":282,"href":"https:\/\/sv-gladbeck.de\/wordpress\/index.php\/wp-json\/wp\/v2\/pages\/137\/revisions\/282"}],"wp:attachment":[{"href":"https:\/\/sv-gladbeck.de\/wordpress\/index.php\/wp-json\/wp\/v2\/media?parent=137"}],"curies":[{"name":"wp","href":"https:\/\/api.w.org\/{rel}","templated":true}]}}