{"id":135,"date":"2022-02-04T16:06:04","date_gmt":"2022-02-04T16:06:04","guid":{"rendered":"https:\/\/sv-gladbeck.de\/wordpress\/?page_id=135"},"modified":"2022-02-11T15:04:57","modified_gmt":"2022-02-11T15:04:57","slug":"1-kompanie","status":"publish","type":"page","link":"https:\/\/sv-gladbeck.de\/wordpress\/index.php\/1-kompanie\/","title":{"rendered":"1. Kompanie"},"content":{"rendered":"\n<div class=\"wp-block-media-text alignwide is-stacked-on-mobile\" style=\"grid-template-columns:40% auto\"><figure class=\"wp-block-media-text__media\"><img loading=\"lazy\" decoding=\"async\" width=\"681\" height=\"1024\" src=\"https:\/\/sv-gladbeck.de\/wordpress\/wp-content\/uploads\/Schuetzen-GLA-Mitte-Wittringen-2020-098-681x1024.jpg\" alt=\"\" class=\"wp-image-108 size-full\" srcset=\"https:\/\/sv-gladbeck.de\/wordpress\/wp-content\/uploads\/Schuetzen-GLA-Mitte-Wittringen-2020-098-681x1024.jpg 681w, https:\/\/sv-gladbeck.de\/wordpress\/wp-content\/uploads\/Schuetzen-GLA-Mitte-Wittringen-2020-098-200x300.jpg 200w, https:\/\/sv-gladbeck.de\/wordpress\/wp-content\/uploads\/Schuetzen-GLA-Mitte-Wittringen-2020-098-768x1154.jpg 768w, https:\/\/sv-gladbeck.de\/wordpress\/wp-content\/uploads\/Schuetzen-GLA-Mitte-Wittringen-2020-098-1022x1536.jpg 1022w, https:\/\/sv-gladbeck.de\/wordpress\/wp-content\/uploads\/Schuetzen-GLA-Mitte-Wittringen-2020-098-1363x2048.jpg 1363w, https:\/\/sv-gladbeck.de\/wordpress\/wp-content\/uploads\/Schuetzen-GLA-Mitte-Wittringen-2020-098-scaled.jpg 1703w\" sizes=\"auto, (max-width: 681px) 100vw, 681px\" \/><\/figure><div class=\"wp-block-media-text__content\">\n<p>Liebe Sch\u00fctzenschwestern, liebe Sch\u00fctzenbr\u00fcder,<\/p>\n\n\n\n<p>nun ist es endlich wieder so weit. Unser Traditionsverein feiert  auf dem Rathausvorplatz unserer Stadt wieder sein Sch\u00fctzenfest.<\/p>\n\n\n\n<p>Aus den einzelnen Kompanien des Sch\u00fctzenvereins gibt es K\u00f6nigsanw\u00e4rter, die versuchen werden, die K\u00f6nigsw\u00fcrde zu erringen. Ermittelt wird f\u00fcr die n\u00e4chsten vier Jahre der neue Sch\u00fctzenk\u00f6nig. <br>Allen K\u00f6nigsanw\u00e4rtern dr\u00fccken wir die Daumen und w\u00fcnschen den Sch\u00fctzen eine ruhige Hand. Ob es ein K\u00f6nig aus unserer 1.&nbsp;Kompanie wird, bleibt abzuwarten.<\/p>\n\n\n\n<p>Vorgestellt wird dann unser neuer K\u00f6nig und seine K\u00f6nigin in einem festlichen Umzug durch die Stadt. Zahlreiche Brudervereine werden ebenfalls an diesem Umzug teilnehmen.<\/p>\n\n\n\n<p>Es w\u00e4re w\u00fcnschenswert, dass viele Gladbecker B\u00fcrger an diesem sch\u00f6nen Fest mit dabei sind, so dass wir uns auf fr\u00f6hliche und gesellige Stunden mit Ihnen gemeinsam freuen k\u00f6nnen.<\/p>\n\n\n\n<p>Einige Sch\u00fctzinnen und Sch\u00fctzen aus der 1.&nbsp;Kompanie nehmen aktiv am Schie\u00dfsport in unserer Schie\u00dfanlage und an Wettk\u00e4mpfen teil.<br>Auch die Geselligkeit kommt nicht zu kurz. Fr\u00f6hliche Veranstaltungen und das allseits beliebte Tagesk\u00f6nigsschie\u00dfen auf den geschnitzten Holzvogel geh\u00f6ren zu unserem Programm.<\/p>\n\n\n\n<p>So freue ich mich, dass ich als Kompaniechef auf eine muntere Mitgliederschar der 1.&nbsp;Kompanie blicken kann.<\/p>\n\n\n\n<p>F\u00fcr das nun anstehende Sch\u00fctzenfest unseres Vereins w\u00fcnsche ich gutes Gelingen.<\/p>\n\n\n\n<p>Gut Schuss!<\/p>\n\n\n\n<p>Aloys Steinzen<\/p>\n\n\n\n<p>(Kompanief\u00fchrer der 1. Kompanie)<\/p>\n<\/div><\/div>\n\n\n\n<p><\/p>\n","protected":false},"excerpt":{"rendered":"<p>Liebe Sch\u00fctzenschwestern, liebe Sch\u00fctzenbr\u00fcder, nun ist es endlich wieder so weit. Unser Traditionsverein feiert auf dem Rathausvorplatz unserer Stadt wieder sein Sch\u00fctzenfest. Aus den einzelnen Kompanien des Sch\u00fctzenvereins gibt es K\u00f6nigsanw\u00e4rter, die versuchen werden, die K\u00f6nigsw\u00fcrde zu erringen. Ermittelt wird<\/p>\n","protected":false},"author":1,"featured_media":0,"parent":0,"menu_order":0,"comment_status":"closed","ping_status":"closed","template":"","meta":{"footnotes":""},"class_list":["post-135","page","type-page","status-publish","hentry"],"_links":{"self":[{"href":"https:\/\/sv-gladbeck.de\/wordpress\/index.php\/wp-json\/wp\/v2\/pages\/135","targetHints":{"allow":["GET"]}}],"collection":[{"href":"https:\/\/sv-gladbeck.de\/wordpress\/index.php\/wp-json\/wp\/v2\/pages"}],"about":[{"href":"https:\/\/sv-gladbeck.de\/wordpress\/index.php\/wp-json\/wp\/v2\/types\/page"}],"author":[{"embeddable":true,"href":"https:\/\/sv-gladbeck.de\/wordpress\/index.php\/wp-json\/wp\/v2\/users\/1"}],"replies":[{"embeddable":true,"href":"https:\/\/sv-gladbeck.de\/wordpress\/index.php\/wp-json\/wp\/v2\/comments?post=135"}],"version-history":[{"count":4,"href":"https:\/\/sv-gladbeck.de\/wordpress\/index.php\/wp-json\/wp\/v2\/pages\/135\/revisions"}],"predecessor-version":[{"id":212,"href":"https:\/\/sv-gladbeck.de\/wordpress\/index.php\/wp-json\/wp\/v2\/pages\/135\/revisions\/212"}],"wp:attachment":[{"href":"https:\/\/sv-gladbeck.de\/wordpress\/index.php\/wp-json\/wp\/v2\/media?parent=135"}],"curies":[{"name":"wp","href":"https:\/\/api.w.org\/{rel}","templated":true}]}}